{"id":5332,"date":"2016-10-31T15:12:44","date_gmt":"2016-10-31T12:12:44","guid":{"rendered":"https:\/\/www.meliortravel.com\/es\/?page_id=5332"},"modified":"2019-07-22T13:04:07","modified_gmt":"2019-07-22T10:04:07","slug":"inicio","status":"publish","type":"page","link":"https:\/\/www.meliortravel.com\/es\/inicio\/","title":{"rendered":"INICIO"},"content":{"rendered":"<p>[vc_row][vc_column][vc_column_text]<\/p>\n<h3><span style=\"color: #33cccc;\">INICIO<\/span><\/h3>\n<p>MELIOR TRAVEL es una operadora de turismo receptiva \u00a0miembro de la Asociaci\u00f3n de Agencia de Viajes turcas, TURSAB (A- 10887), ubicada en Estambul\u00a0 y especializada en servicios de turismo en Turqu\u00eda y la regi\u00f3n mediterr\u00e1nea oriental. Tenemos aliados profesionales en Europa,\u00a0Norteam\u00e9rica, Sur America, Asia Y Sur\u00a0Africa,<\/p>\n<p>&nbsp;<\/p>\n<p>Sabemos muy bien lo dif\u00edcil que es convencer al cliente para un viaje combinado. Tratamos de proporcionar a sus clientes el mejor servicio con el fin de satisfacerlos y reforzar la lealtad a su agencia de viajes. Sabemos, tambi\u00e9n, que la organizaci\u00f3n de un viaje no consiste solo en reunir un conjunto de servicios sino que es necesario as\u00ed mismo transmitir una cierta energ\u00eda y, sin duda, responder a las necesidades y expectativas del grupo. Para alcanzar esta meta tenemos la experiencia, la pasi\u00f3n, la flexibilidad y el dinamismo necesarios.<\/p>\n<p>&nbsp;<\/p>\n<p>Somos conscientes del asombroso potencial cultural y natural que Turqu\u00eda ofrece a sus visitantes. Proponemos varios recorridos guiados a trav\u00e9s de Turqu\u00eda y sus alrededores. Sin embargo, nos dedicamos tambi\u00e9n a elaborar constantemente nuevos y diferentes paquetes para ofrecer tanto a los grupos como a los clientes individuales. Como tenemos capacidad de ofrecerles un plan vacacional personalizado y a la medida de sus necesidades y deseos, ustedes pueden contactarnos para excursiones customizadas.<\/p>\n<p>&nbsp;<\/p>\n<p>El equipo multiling\u00fce de MELIOR cuenta con una experiencia combinada de m\u00e1s de 30 a\u00f1os en el turismo receptivo. Nos satisfar\u00e1 asistirles en cualquier demanda que nos env\u00eden a la que daremos respuesta en el menor tiempo posible.<\/p>\n<p>Nuestros gu\u00edas y conductores acompa\u00f1ar\u00e1n a sus pasajeros con toda la amabilidad y en condiciones de plena seguridad a lo largo de todo el viaje.<\/p>\n<p>&nbsp;<\/p>\n<p>Nos dedicamos a conducir nuestro negocio con integridad, honestidad y transparencia.<\/p>\n<p>[\/vc_column_text][\/vc_column][\/vc_row]<\/p>\n","protected":false},"excerpt":{"rendered":"<p>[vc_row][vc_column][vc_column_text] INICIO MELIOR TRAVEL es una operadora de turismo receptiva \u00a0miembro de la Asociaci\u00f3n de Agencia de Viajes turcas, TURSAB (A- 10887), ubicada en Estambul\u00a0 y especializada en servicios de turismo en Turqu\u00eda y la regi\u00f3n mediterr\u00e1nea oriental. Tenemos aliados profesionales en Europa,\u00a0Norteam\u00e9rica, Sur America, [&hellip;]<\/p>\n","protected":false},"author":368,"featured_media":0,"parent":0,"menu_order":0,"comment_status":"closed","ping_status":"closed","template":"","meta":{"footnotes":""},"class_list":["post-5332","page","type-page","status-publish","hentry"],"_links":{"self":[{"href":"https:\/\/www.meliortravel.com\/es\/wp-json\/wp\/v2\/pages\/5332","targetHints":{"allow":["GET"]}}],"collection":[{"href":"https:\/\/www.meliortravel.com\/es\/wp-json\/wp\/v2\/pages"}],"about":[{"href":"https:\/\/www.meliortravel.com\/es\/wp-json\/wp\/v2\/types\/page"}],"author":[{"embeddable":true,"href":"https:\/\/www.meliortravel.com\/es\/wp-json\/wp\/v2\/users\/368"}],"replies":[{"embeddable":true,"href":"https:\/\/www.meliortravel.com\/es\/wp-json\/wp\/v2\/comments?post=5332"}],"version-history":[{"count":3,"href":"https:\/\/www.meliortravel.com\/es\/wp-json\/wp\/v2\/pages\/5332\/revisions"}],"predecessor-version":[{"id":5454,"href":"https:\/\/www.meliortravel.com\/es\/wp-json\/wp\/v2\/pages\/5332\/revisions\/5454"}],"wp:attachment":[{"href":"https:\/\/www.meliortravel.com\/es\/wp-json\/wp\/v2\/media?parent=5332"}],"curies":[{"name":"wp","href":"https:\/\/api.w.org\/{rel}","templated":true}]}}