{"id":5360,"date":"2018-08-29T12:21:16","date_gmt":"2018-08-29T09:21:16","guid":{"rendered":"https:\/\/www.meliortravel.com\/es\/?page_id=5360"},"modified":"2019-07-21T13:23:02","modified_gmt":"2019-07-21T10:23:02","slug":"globos-en-capadocia","status":"publish","type":"page","link":"https:\/\/www.meliortravel.com\/es\/nuestros-servicios\/globos-en-capadocia\/","title":{"rendered":"GLOBOS EN CAPADOCIA"},"content":{"rendered":"<p>[vc_row content_aligment=\u00bbcenter\u00bb css=\u00bb.vc_custom_1535314550502{padding-left: 20px !important;}\u00bb][vc_column]<div class=\"mkdf-section-title-holder\">\n\t<h1 class=\"mkdf-section-title\" >\n\tGLOBOS EN CAPADOCIA<\/h1>\n<\/div>[vc_row_inner][vc_column_inner width=\u00bb1\/2&#8243;][vc_single_image image=\u00bb5039&#8243; img_size=\u00bblarge\u00bb alignment=\u00bbcenter\u00bb style=\u00bbvc_box_shadow_3d\u00bb][vc_column_text]Capadocia es conocida en todo el mundo como uno de los mejores lugares para volar en globos aerost\u00e1ticos y tiene un paisaje incre\u00edble que hace de los vuelos en globo aerost\u00e1tico uno de los 3 mejores del mundo.<\/p>\n<p>Los espectaculares paisajes surrealistas combinados con excelentes condiciones de vuelo permiten que los globos se desplacen suavemente sobre las chimeneas de hadas. Las casas de palomas excavadas en las formaciones rocosas \u00fanicas, huertos y vi\u00f1edos a trav\u00e9s de valles impresionantes, cada uno con formaciones rocosas distintivas, son impresionantes vistas de la regi\u00f3n.[\/vc_column_text][\/vc_column_inner][vc_column_inner width=\u00bb1\/2&#8243;]<div class=\"mkdf-accordion-holder clearfix mkdf-toggle mkdf-initial \">\n\t<h5 class=\"clearfix mkdf-title-holder\">\n<span class=\"mkdf-accordion-mark mkdf-left-mark\">\n\t\t<span class=\"mkdf-accordion-mark-icon\">\n\t\t\t<span class=\"mkdf-accordion-mark-open arrow_carrot-down\"><\/span>\n\t\t\t<span class=\"mkdf-accordion-mark-close arrow_carrot-up\"><\/span>\n\t\t<\/span>\n<\/span>\n<span class=\"mkdf-tab-title\">\n\t\t<span class=\"mkdf-tab-title-inner\">\n\t\t\t\t\t\tCu\u00e1ndo se re\u00fanen y te recogen para el vuelo?\t\t<\/span>\n<\/span>\n<\/h5>\n<div class=\"mkdf-accordion-content\">\n\t<div class=\"mkdf-accordion-content-inner\">\n\t\t[vc_column_text]Por lo general, lo recogen en su hotel unos 45 minutos antes del amanecer y se dirigen a su lugar para registrarse y desayunar.[\/vc_column_text]\n\t\t\t<\/div>\n<\/div>\n<\/div><div class=\"mkdf-accordion-holder clearfix mkdf-toggle mkdf-initial \">\n\t<h5 class=\"clearfix mkdf-title-holder\">\n<span class=\"mkdf-accordion-mark mkdf-left-mark\">\n\t\t<span class=\"mkdf-accordion-mark-icon\">\n\t\t\t<span class=\"mkdf-accordion-mark-open arrow_carrot-down\"><\/span>\n\t\t\t<span class=\"mkdf-accordion-mark-close arrow_carrot-up\"><\/span>\n\t\t<\/span>\n<\/span>\n<span class=\"mkdf-tab-title\">\n\t\t<span class=\"mkdf-tab-title-inner\">\n\t\t\t\t\t\tC\u00f3mo vestirse para volar en globo?\t\t<\/span>\n<\/span>\n<\/h5>\n<div class=\"mkdf-accordion-content\">\n\t<div class=\"mkdf-accordion-content-inner\">\n\t\t[vc_column_text]Se aconseja llevarropa c\u00f3moda , tenis, pantalones largos,\u00a0 buzos de manga larga hechos con fibra natural y una chaqueta ya que durante el vuelo puede hacer un poco de frio.[\/vc_column_text]\n\t\t\t<\/div>\n<\/div>\n<\/div><div class=\"mkdf-accordion-holder clearfix mkdf-toggle mkdf-initial \">\n\t<h5 class=\"clearfix mkdf-title-holder\">\n<span class=\"mkdf-accordion-mark mkdf-left-mark\">\n\t\t<span class=\"mkdf-accordion-mark-icon\">\n\t\t\t<span class=\"mkdf-accordion-mark-open arrow_carrot-down\"><\/span>\n\t\t\t<span class=\"mkdf-accordion-mark-close arrow_carrot-up\"><\/span>\n\t\t<\/span>\n<\/span>\n<span class=\"mkdf-tab-title\">\n\t\t<span class=\"mkdf-tab-title-inner\">\n\t\t\t\t\t\tCual es la edad permitida para volar en globo?\t\t<\/span>\n<\/span>\n<\/h5>\n<div class=\"mkdf-accordion-content\">\n\t<div class=\"mkdf-accordion-content-inner\">\n\t\t[vc_column_text]Los ni\u00f1os menores de 6 a\u00f1os no pueden volar en globo. De resto todas las edades son aceptadas.[\/vc_column_text]\n\t\t\t<\/div>\n<\/div>\n<\/div><div class=\"mkdf-accordion-holder clearfix mkdf-toggle mkdf-initial \">\n\t<h5 class=\"clearfix mkdf-title-holder\">\n<span class=\"mkdf-accordion-mark mkdf-left-mark\">\n\t\t<span class=\"mkdf-accordion-mark-icon\">\n\t\t\t<span class=\"mkdf-accordion-mark-open arrow_carrot-down\"><\/span>\n\t\t\t<span class=\"mkdf-accordion-mark-close arrow_carrot-up\"><\/span>\n\t\t<\/span>\n<\/span>\n<span class=\"mkdf-tab-title\">\n\t\t<span class=\"mkdf-tab-title-inner\">\n\t\t\t\t\t\tDesde donde despegan los globos? \t\t<\/span>\n<\/span>\n<\/h5>\n<div class=\"mkdf-accordion-content\">\n\t<div class=\"mkdf-accordion-content-inner\">\n\t\t[vc_column_text]Las compa\u00f1\u00edas a cargo de los globos cambian el sitio de despegue\u00a0 de acuerdo a la velocidad y direcci\u00f3n del viento, esto con el fin de dar la mejor vista de los valles y colinas de Capadocia.[\/vc_column_text]\n\t\t\t<\/div>\n<\/div>\n<\/div><div class=\"mkdf-accordion-holder clearfix mkdf-toggle mkdf-initial \">\n\t<h5 class=\"clearfix mkdf-title-holder\">\n<span class=\"mkdf-accordion-mark mkdf-left-mark\">\n\t\t<span class=\"mkdf-accordion-mark-icon\">\n\t\t\t<span class=\"mkdf-accordion-mark-open arrow_carrot-down\"><\/span>\n\t\t\t<span class=\"mkdf-accordion-mark-close arrow_carrot-up\"><\/span>\n\t\t<\/span>\n<\/span>\n<span class=\"mkdf-tab-title\">\n\t\t<span class=\"mkdf-tab-title-inner\">\n\t\t\t\t\t\tSe puede volar en globo en cualquier \u00e9poca del a\u00f1o?\t\t<\/span>\n<\/span>\n<\/h5>\n<div class=\"mkdf-accordion-content\">\n\t<div class=\"mkdf-accordion-content-inner\">\n\t\t[vc_column_text]Los globos est\u00e1n disponibles durante todo el a\u00f1o, sin embargo los meses de octubre hasta marzo hay mas probabilidades de que los vuelos sean cancelados debido a las condiciones del viento.[\/vc_column_text]\n\t\t\t<\/div>\n<\/div>\n<\/div><div class=\"mkdf-accordion-holder clearfix mkdf-toggle mkdf-initial \">\n\t<h5 class=\"clearfix mkdf-title-holder\">\n<span class=\"mkdf-accordion-mark mkdf-left-mark\">\n\t\t<span class=\"mkdf-accordion-mark-icon\">\n\t\t\t<span class=\"mkdf-accordion-mark-open arrow_carrot-down\"><\/span>\n\t\t\t<span class=\"mkdf-accordion-mark-close arrow_carrot-up\"><\/span>\n\t\t<\/span>\n<\/span>\n<span class=\"mkdf-tab-title\">\n\t\t<span class=\"mkdf-tab-title-inner\">\n\t\t\t\t\t\tPorque motivos se cancelaria un vuelo?\t\t<\/span>\n<\/span>\n<\/h5>\n<div class=\"mkdf-accordion-content\">\n\t<div class=\"mkdf-accordion-content-inner\">\n\t\t[vc_column_text]Cuando los vientos son mas r\u00e1pidos que 10 nudos,\u00a0 por lluvias fuertes o neblina. El vuelo se cancela de acuerdo a estrictas regulaciones por parte de la aviaci\u00f3n civil. En caso de cancelaci\u00f3n se reembolsa el dinero.[\/vc_column_text]\n\t\t\t<\/div>\n<\/div>\n<\/div><div class=\"mkdf-accordion-holder clearfix mkdf-toggle mkdf-initial \">\n\t<h5 class=\"clearfix mkdf-title-holder\">\n<span class=\"mkdf-accordion-mark mkdf-left-mark\">\n\t\t<span class=\"mkdf-accordion-mark-icon\">\n\t\t\t<span class=\"mkdf-accordion-mark-open arrow_carrot-down\"><\/span>\n\t\t\t<span class=\"mkdf-accordion-mark-close arrow_carrot-up\"><\/span>\n\t\t<\/span>\n<\/span>\n<span class=\"mkdf-tab-title\">\n\t\t<span class=\"mkdf-tab-title-inner\">\n\t\t\t\t\t\tPorque motivos se cancelaria un vuelo?\t\t<\/span>\n<\/span>\n<\/h5>\n<div class=\"mkdf-accordion-content\">\n\t<div class=\"mkdf-accordion-content-inner\">\n\t\t[vc_column_text]Cuando los vientos son mas r\u00e1pidos que 10 nudos,\u00a0 por lluvias fuertes o neblina. El vuelo se cancela de acuerdo a estrictas regulaciones por parte de la aviaci\u00f3n civil. En caso de cancelaci\u00f3n se reembolsa el dinero.[\/vc_column_text]\n\t\t\t<\/div>\n<\/div>\n<\/div><div class=\"mkdf-accordion-holder clearfix mkdf-toggle mkdf-initial \">\n\t<h5 class=\"clearfix mkdf-title-holder\">\n<span class=\"mkdf-accordion-mark mkdf-left-mark\">\n\t\t<span class=\"mkdf-accordion-mark-icon\">\n\t\t\t<span class=\"mkdf-accordion-mark-open arrow_carrot-down\"><\/span>\n\t\t\t<span class=\"mkdf-accordion-mark-close arrow_carrot-up\"><\/span>\n\t\t<\/span>\n<\/span>\n<span class=\"mkdf-tab-title\">\n\t\t<span class=\"mkdf-tab-title-inner\">\n\t\t\t\t\t\tQue tan lejos se vuela durante el vuelo?\t\t<\/span>\n<\/span>\n<\/h5>\n<div class=\"mkdf-accordion-content\">\n\t<div class=\"mkdf-accordion-content-inner\">\n\t\t[vc_column_text]La distancia que se recorre normalmente es de 5 a 18 kil\u00f3metros dependiendo de la velocidad del viento que haya el d\u00eda del vuelo.[\/vc_column_text]\n\t\t\t<\/div>\n<\/div>\n<\/div><div class=\"mkdf-accordion-holder clearfix mkdf-toggle mkdf-initial \">\n\t<h5 class=\"clearfix mkdf-title-holder\">\n<span class=\"mkdf-accordion-mark mkdf-left-mark\">\n\t\t<span class=\"mkdf-accordion-mark-icon\">\n\t\t\t<span class=\"mkdf-accordion-mark-open arrow_carrot-down\"><\/span>\n\t\t\t<span class=\"mkdf-accordion-mark-close arrow_carrot-up\"><\/span>\n\t\t<\/span>\n<\/span>\n<span class=\"mkdf-tab-title\">\n\t\t<span class=\"mkdf-tab-title-inner\">\n\t\t\t\t\t\tLas mujeres embarazadas pueden volar en globo? \t\t<\/span>\n<\/span>\n<\/h5>\n<div class=\"mkdf-accordion-content\">\n\t<div class=\"mkdf-accordion-content-inner\">\n\t\t[vc_column_text]No, si esta embarazada o cree que lo esta no debe volar debido a los aterrizajes.[\/vc_column_text]\n\t\t\t<\/div>\n<\/div>\n<\/div><div class=\"mkdf-accordion-holder clearfix mkdf-toggle mkdf-initial \">\n\t<h5 class=\"clearfix mkdf-title-holder\">\n<span class=\"mkdf-accordion-mark mkdf-left-mark\">\n\t\t<span class=\"mkdf-accordion-mark-icon\">\n\t\t\t<span class=\"mkdf-accordion-mark-open arrow_carrot-down\"><\/span>\n\t\t\t<span class=\"mkdf-accordion-mark-close arrow_carrot-up\"><\/span>\n\t\t<\/span>\n<\/span>\n<span class=\"mkdf-tab-title\">\n\t\t<span class=\"mkdf-tab-title-inner\">\n\t\t\t\t\t\tEl aterrizaje puede ser peligroso? \t\t<\/span>\n<\/span>\n<\/h5>\n<div class=\"mkdf-accordion-content\">\n\t<div class=\"mkdf-accordion-content-inner\">\n\t\t[vc_column_text]Normalmente los vuelos aterrizan suavemente y lo hacen la mayor\u00eda de veces. Pero debido al fuerte viento, en ocasiones la cesta puede caer con algunas dificultades , sin mayor\u00a0 riesgo para los turistas.[\/vc_column_text]\n\t\t\t<\/div>\n<\/div>\n<\/div><div class=\"mkdf-accordion-holder clearfix mkdf-toggle mkdf-initial \">\n\t<h5 class=\"clearfix mkdf-title-holder\">\n<span class=\"mkdf-accordion-mark mkdf-left-mark\">\n\t\t<span class=\"mkdf-accordion-mark-icon\">\n\t\t\t<span class=\"mkdf-accordion-mark-open arrow_carrot-down\"><\/span>\n\t\t\t<span class=\"mkdf-accordion-mark-close arrow_carrot-up\"><\/span>\n\t\t<\/span>\n<\/span>\n<span class=\"mkdf-tab-title\">\n\t\t<span class=\"mkdf-tab-title-inner\">\n\t\t\t\t\t\tSe ve el amanecer desde el globo? \t\t<\/span>\n<\/span>\n<\/h5>\n<div class=\"mkdf-accordion-content\">\n\t<div class=\"mkdf-accordion-content-inner\">\n\t\t[vc_column_text]Por lo general despegan a la madrugada, y vuelan durante el amanecer para que los espectadores puedan tomar fotos. Sin embargo en ocasiones es posible que tengan que despegar mas tarde debido a los condiciones clim\u00e1ticas que coincidan con el amanecer.[\/vc_column_text]\n\t\t\t<\/div>\n<\/div>\n<\/div><div class=\"mkdf-accordion-holder clearfix mkdf-toggle mkdf-initial \">\n\t<h5 class=\"clearfix mkdf-title-holder\">\n<span class=\"mkdf-accordion-mark mkdf-left-mark\">\n\t\t<span class=\"mkdf-accordion-mark-icon\">\n\t\t\t<span class=\"mkdf-accordion-mark-open arrow_carrot-down\"><\/span>\n\t\t\t<span class=\"mkdf-accordion-mark-close arrow_carrot-up\"><\/span>\n\t\t<\/span>\n<\/span>\n<span class=\"mkdf-tab-title\">\n\t\t<span class=\"mkdf-tab-title-inner\">\n\t\t\t\t\t\tPorque vuelan tan temprano? \t\t<\/span>\n<\/span>\n<\/h5>\n<div class=\"mkdf-accordion-content\">\n\t<div class=\"mkdf-accordion-content-inner\">\n\t\t[vc_column_text]Ya que el viento no es tan r\u00e1pido a esta hora y tampoco hay temperaturas altas.[\/vc_column_text]\n\t\t\t<\/div>\n<\/div>\n<\/div><div class=\"mkdf-accordion-holder clearfix mkdf-toggle mkdf-initial \">\n\t<h5 class=\"clearfix mkdf-title-holder\">\n<span class=\"mkdf-accordion-mark mkdf-left-mark\">\n\t\t<span class=\"mkdf-accordion-mark-icon\">\n\t\t\t<span class=\"mkdf-accordion-mark-open arrow_carrot-down\"><\/span>\n\t\t\t<span class=\"mkdf-accordion-mark-close arrow_carrot-up\"><\/span>\n\t\t<\/span>\n<\/span>\n<span class=\"mkdf-tab-title\">\n\t\t<span class=\"mkdf-tab-title-inner\">\n\t\t\t\t\t\tComo es el regreso al hotel? \t\t<\/span>\n<\/span>\n<\/h5>\n<div class=\"mkdf-accordion-content\">\n\t<div class=\"mkdf-accordion-content-inner\">\n\t\t[vc_column_text]Las diferentes compa\u00f1\u00edas de globos disponen de minivans que los recogen en el lugar de su aterrizaje y posteriormente los llevan al hotel antes de una peque\u00f1a celebraci\u00f3n y certificaci\u00f3n de vuelo en globo.[\/vc_column_text]\n\t\t\t<\/div>\n<\/div>\n<\/div>[\/vc_column_inner][\/vc_row_inner][vc_row_inner css=\u00bb.vc_custom_1535314567817{padding-top: 20px !important;padding-right: 20px !important;padding-left: 20px !important;}\u00bb][vc_column_inner css=\u00bb.vc_custom_1535546072012{padding-left: 30px !important;}\u00bb][vc_gallery type=\u00bbimage_grid\u00bb images=\u00bb5037,5038,5039,5040,5041,5042,5043,5044,5047,5048,5049,5050&#8243;][\/vc_column_inner][\/vc_row_inner][\/vc_column][\/vc_row]<\/p>\n","protected":false},"excerpt":{"rendered":"<p>[vc_row content_aligment=\u00bbcenter\u00bb css=\u00bb.vc_custom_1535314550502{padding-left: 20px !important;}\u00bb][vc_column][vc_row_inner][vc_column_inner width=\u00bb1\/2&#8243;][vc_single_image image=\u00bb5039&#8243; img_size=\u00bblarge\u00bb alignment=\u00bbcenter\u00bb style=\u00bbvc_box_shadow_3d\u00bb][vc_column_text]Capadocia es conocida en todo el mundo como uno de los mejores lugares para volar en globos aerost\u00e1ticos y tiene un paisaje incre\u00edble que hace de los vuelos en globo aerost\u00e1tico uno de los 3 mejores [&hellip;]<\/p>\n","protected":false},"author":368,"featured_media":0,"parent":5345,"menu_order":0,"comment_status":"closed","ping_status":"closed","template":"","meta":{"footnotes":""},"class_list":["post-5360","page","type-page","status-publish","hentry"],"_links":{"self":[{"href":"https:\/\/www.meliortravel.com\/es\/wp-json\/wp\/v2\/pages\/5360","targetHints":{"allow":["GET"]}}],"collection":[{"href":"https:\/\/www.meliortravel.com\/es\/wp-json\/wp\/v2\/pages"}],"about":[{"href":"https:\/\/www.meliortravel.com\/es\/wp-json\/wp\/v2\/types\/page"}],"author":[{"embeddable":true,"href":"https:\/\/www.meliortravel.com\/es\/wp-json\/wp\/v2\/users\/368"}],"replies":[{"embeddable":true,"href":"https:\/\/www.meliortravel.com\/es\/wp-json\/wp\/v2\/comments?post=5360"}],"version-history":[{"count":6,"href":"https:\/\/www.meliortravel.com\/es\/wp-json\/wp\/v2\/pages\/5360\/revisions"}],"predecessor-version":[{"id":5416,"href":"https:\/\/www.meliortravel.com\/es\/wp-json\/wp\/v2\/pages\/5360\/revisions\/5416"}],"up":[{"embeddable":true,"href":"https:\/\/www.meliortravel.com\/es\/wp-json\/wp\/v2\/pages\/5345"}],"wp:attachment":[{"href":"https:\/\/www.meliortravel.com\/es\/wp-json\/wp\/v2\/media?parent=5360"}],"curies":[{"name":"wp","href":"https:\/\/api.w.org\/{rel}","templated":true}]}}