{"id":5389,"date":"2018-08-30T15:00:53","date_gmt":"2018-08-30T12:00:53","guid":{"rendered":"https:\/\/www.meliortravel.com\/es\/?page_id=5389"},"modified":"2019-07-18T15:49:40","modified_gmt":"2019-07-18T12:49:40","slug":"alquiler-de-yates","status":"publish","type":"page","link":"https:\/\/www.meliortravel.com\/es\/nuestros-servicios\/alquiler-de-yates\/","title":{"rendered":"ALQUILER DE YATES"},"content":{"rendered":"<p>[vc_row content_aligment=\u00bbcenter\u00bb css=\u00bb.vc_custom_1535314550502{padding-left: 20px !important;}\u00bb][vc_column]<div class=\"mkdf-section-title-holder\">\n\t<h1 class=\"mkdf-section-title mkdf-section-title-medium\" >\n\tALQUILER DE YATES<\/h1>\n<\/div>[vc_row_inner][vc_column_inner width=\u00bb1\/2&#8243;][vc_single_image image=\u00bb5163&#8243; img_size=\u00bblarge\u00bb alignment=\u00bbcenter\u00bb style=\u00bbvc_box_shadow_3d\u00bb][\/vc_column_inner][vc_column_inner width=\u00bb1\/2&#8243;][vc_column_text]Este m\u00e1gico pa\u00eds\u00a0 bordeado por cuatro mares: el mar Negro, el mar de M\u00e1rmara, el mar Egeo y el mediterr\u00e1neo, tiene la costa m\u00e1s larga del Mediterr\u00e1neo. El suroeste de Turqu\u00eda, conocido como costas de Licia y Caria, ofrece paisajes maravillosos\u00a0 rodeados de mares azules y cristalinos.\u00a0 Este es un rinc\u00f3n \u00fanico en el Mediterr\u00e1neo donde encontraras bah\u00edas aisladas, islas cubiertas de pinos, colinas muy boscosas, m\u00e1gicos tesoros hist\u00f3ricos como los ba\u00f1os de Cleopatra y las coloridas ciudades portuarias.<\/p>\n<p>El alquiler de yates privados con tripulaci\u00f3n, barco o un viaje en un lujoso bote de vela tradicional de madera conocido como goleta, es la forma perfecta de descubrir para que los viajeros exploren la fascinante costa de Turqu\u00eda.\u00a0 No dudes en peguntarnos por mas informaci\u00f3n, \u00a0este es uno de los viajes\u00a0 m\u00e1s relajantes que pueden tener en su vida.[\/vc_column_text][\/vc_column_inner][\/vc_row_inner][\/vc_column][\/vc_row][vc_row content_aligment=\u00bbcenter\u00bb css=\u00bb.vc_custom_1535314550502{padding-left: 20px !important;}\u00bb][vc_column][vc_empty_space][vc_gallery type=\u00bbimage_grid\u00bb images=\u00bb5165,5166,5167,5168,5169,5170&#8243; img_size=\u00bb300&#215;210&#8243;][\/vc_column][\/vc_row]<\/p>\n","protected":false},"excerpt":{"rendered":"<p>[vc_row content_aligment=\u00bbcenter\u00bb css=\u00bb.vc_custom_1535314550502{padding-left: 20px !important;}\u00bb][vc_column][vc_row_inner][vc_column_inner width=\u00bb1\/2&#8243;][vc_single_image image=\u00bb5163&#8243; img_size=\u00bblarge\u00bb alignment=\u00bbcenter\u00bb style=\u00bbvc_box_shadow_3d\u00bb][\/vc_column_inner][vc_column_inner width=\u00bb1\/2&#8243;][vc_column_text]Este m\u00e1gico pa\u00eds\u00a0 bordeado por cuatro mares: el mar Negro, el mar de M\u00e1rmara, el mar Egeo y el mediterr\u00e1neo, tiene la costa m\u00e1s larga del Mediterr\u00e1neo. El suroeste de Turqu\u00eda, conocido como costas de [&hellip;]<\/p>\n","protected":false},"author":368,"featured_media":0,"parent":5345,"menu_order":0,"comment_status":"closed","ping_status":"closed","template":"","meta":{"footnotes":""},"class_list":["post-5389","page","type-page","status-publish","hentry"],"_links":{"self":[{"href":"https:\/\/www.meliortravel.com\/es\/wp-json\/wp\/v2\/pages\/5389","targetHints":{"allow":["GET"]}}],"collection":[{"href":"https:\/\/www.meliortravel.com\/es\/wp-json\/wp\/v2\/pages"}],"about":[{"href":"https:\/\/www.meliortravel.com\/es\/wp-json\/wp\/v2\/types\/page"}],"author":[{"embeddable":true,"href":"https:\/\/www.meliortravel.com\/es\/wp-json\/wp\/v2\/users\/368"}],"replies":[{"embeddable":true,"href":"https:\/\/www.meliortravel.com\/es\/wp-json\/wp\/v2\/comments?post=5389"}],"version-history":[{"count":1,"href":"https:\/\/www.meliortravel.com\/es\/wp-json\/wp\/v2\/pages\/5389\/revisions"}],"predecessor-version":[{"id":5390,"href":"https:\/\/www.meliortravel.com\/es\/wp-json\/wp\/v2\/pages\/5389\/revisions\/5390"}],"up":[{"embeddable":true,"href":"https:\/\/www.meliortravel.com\/es\/wp-json\/wp\/v2\/pages\/5345"}],"wp:attachment":[{"href":"https:\/\/www.meliortravel.com\/es\/wp-json\/wp\/v2\/media?parent=5389"}],"curies":[{"name":"wp","href":"https:\/\/api.w.org\/{rel}","templated":true}]}}