{"id":5391,"date":"2018-08-30T12:15:48","date_gmt":"2018-08-30T09:15:48","guid":{"rendered":"https:\/\/www.meliortravel.com\/es\/?page_id=5391"},"modified":"2023-01-04T16:28:52","modified_gmt":"2023-01-04T13:28:52","slug":"nuestros-paquetes","status":"publish","type":"page","link":"https:\/\/www.meliortravel.com\/es\/nuestros-paquetes\/","title":{"rendered":"NUESTROS PAQUETES"},"content":{"rendered":"<p>[vc_row][vc_column]<div class=\"mkdf-section-title-holder\">\n\t<h1 class=\"mkdf-section-title\" style=\"text-align: center\">\n\tNUESTROS PAQUETES<\/h1>\n<\/div>\n<h4 class=\"mkdf-custom-font-holder\" style=\"font-weight: 600;text-align: center\">\nSolo preg\u00fantanos. Haremos nuestro mejor esfuerzo. Conocemos los mejores lugares para comer, los mejores lugares para alojarse, los mejores lugares para visitar.<\/h4>[\/vc_column][\/vc_row][vc_row][vc_column width=\u00bb1\/2&#8243;][vc_column_text]<\/p>\n<p style=\"text-align: justify;\"><strong>En Melior Travel hemos creado diferentes paquetes de los lugares mas atractivos que se deben conocer en Turqu\u00eda. Organizamos diferentes tipos de tours: cl\u00e1sicos, espec\u00edficos, de lujo,descubrimientos culinarios, paseos a pie, cruceros azules y tours en yate en la costa mas larga del Mediterranio . <\/strong><\/p>\n<p style=\"text-align: justify;\"><strong>Dentro de los diferentes planes sugerimos hacer visitas art\u00edsticas, visitas arqueol\u00f3gicas, expediciones de observaci\u00f3n de aves, visitas religiosas (herencia musulmana, cristiana o jud\u00eda), excursiones de luna de miel, excursiones de senderismo en la regi\u00f3n del Mar Negro, en Capadocia o en las monta\u00f1as de Tauro y Giras de Anatolia oriental y sudoriental.<\/strong><\/p>\n<p style=\"text-align: justify;\"><strong>Tambi\u00e9n ofrecemosdiferentes excursiones conectado pa\u00edses como Turqu\u00eda con Grecia, Israel, Chipre o Dubai esto dependiendo lo que los clientes deseen.\u00a0 Nuestros equipo maneja cada solicitud en base a nuestra experiencia, planificaci\u00f3n, conocimiento t\u00e9cnico, creatividad y el mejor servicio.\u00a0<\/strong><\/p>\n<p>[\/vc_column_text][vc_empty_space height=\u00bb24px\u00bb][\/vc_column][vc_column width=\u00bb1\/2&#8243;][vc_empty_space height=\u00bb20px\u00bb][vc_single_image image=\u00bb4534&#8243; img_size=\u00bb560&#215;380&#8243; alignment=\u00bbcenter\u00bb style=\u00bbvc_box_shadow_3d\u00bb][vc_empty_space height=\u00bb24px\u00bb][\/vc_column][\/vc_row][vc_row][vc_column width=\u00bb1\/4&#8243;][vc_single_image image=\u00bb5219&#8243; img_size=\u00bb300&#215;300&#8243; alignment=\u00bbright\u00bb style=\u00bbvc_box_shadow_3d\u00bb onclick=\u00bbcustom_link\u00bb link=\u00bbhttps:\/\/www.meliortravel.com\/es\/tour-item\/los-esplendores-del-sureste-de-turquia\/\u00bb][\/vc_column][vc_column width=\u00bb1\/4&#8243;][vc_column_text]<\/p>\n<h4><strong><a href=\"https:\/\/www.meliortravel.com\/es\/tour-item\/los-esplendores-del-sureste-de-turquia\/\">LOS ESPLENDORES DEL SURESTE DE TURQUIA<\/a><\/strong><\/h4>\n<p>[\/vc_column_text][vc_column_text]Viaje extraordinario que abarca los tesoros ocultos de Estambul y los tesoros menos visitados pero asombrosos y misteriosos del sureste de Turqu\u00eda.[\/vc_column_text][\/vc_column][vc_column width=\u00bb1\/4&#8243;][vc_single_image image=\u00bb4562&#8243; img_size=\u00bb300&#215;300&#8243; alignment=\u00bbright\u00bb style=\u00bbvc_box_shadow_3d\u00bb onclick=\u00bbcustom_link\u00bb link=\u00bbhttps:\/\/www.meliortravel.com\/es\/tour-item\/increible-turquia-occidental\u00bb][\/vc_column][vc_column width=\u00bb1\/4&#8243;][vc_column_text]<\/p>\n<h4><strong><a href=\"https:\/\/www.meliortravel.com\/es\/tour-item\/increible-turquia-occidental\/\">INCRE\u00cdBLE TURQU\u00cdA OCCIDENTAL<\/a><\/strong><\/h4>\n<p>[\/vc_column_text][vc_column_text]Aventura que lo llevar\u00e1 directamente al alma de la cultura turca mientras explorar\u00e1 la belleza eterna de su majestuosa tierra en dos semanas.[\/vc_column_text][\/vc_column][\/vc_row][vc_row][vc_column width=\u00bb1\/4&#8243;][vc_single_image image=\u00bb4993&#8243; img_size=\u00bb300&#215;300&#8243; alignment=\u00bbright\u00bb style=\u00bbvc_box_shadow_3d\u00bb onclick=\u00bbcustom_link\u00bb link=\u00bbhttps:\/\/www.meliortravel.com\/es\/tour-item\/turquia-azul\/\u00bb][\/vc_column][vc_column width=\u00bb1\/4&#8243;][vc_column_text]<\/p>\n<h4><strong><a href=\"https:\/\/www.meliortravel.com\/es\/tour-item\/turquia-azul\/\">TURQU\u00cdA AZUL<\/a><\/strong><\/h4>\n<p>[\/vc_column_text][vc_column_text]Espl\u00e9ndida combinaci\u00f3n de los tesoros escondidos de Turqu\u00eda y tranquilidad con las aguas cristalinas , islas peque\u00f1as y bah\u00edas aisladas del mar Mediterr\u00e1neo.[\/vc_column_text][\/vc_column][vc_column width=\u00bb1\/4&#8243;][vc_single_image image=\u00bb5255&#8243; img_size=\u00bb300&#215;300&#8243; alignment=\u00bbright\u00bb style=\u00bbvc_box_shadow_3d\u00bb onclick=\u00bbcustom_link\u00bb link=\u00bbhttps:\/\/www.meliortravel.com\/es\/tour-item\/turquia-biblica\/\u00bb][\/vc_column][vc_column width=\u00bb1\/4&#8243;][vc_column_text]<\/p>\n<h4><strong><a href=\"https:\/\/www.meliortravel.com\/es\/tour-item\/turquia-biblica\/\">TURQU\u00cdA B\u00cdBLICA<\/a><\/strong><\/h4>\n<p>[\/vc_column_text][vc_column_text]Un viaje inspirador lleno de descubrimientos a los lugares mas hist\u00f3ricos y conservadores de este pa\u00eds.[\/vc_column_text][\/vc_column][\/vc_row][vc_row][vc_column width=\u00bb1\/4&#8243;][vc_single_image image=\u00bb4805&#8243; img_size=\u00bb300&#215;300&#8243; alignment=\u00bbright\u00bb style=\u00bbvc_box_shadow_3d\u00bb onclick=\u00bbcustom_link\u00bb link=\u00bbhttps:\/\/www.meliortravel.com\/es\/tour-item\/vuelo-en-globo-en-capadocia\u00bb][\/vc_column][vc_column width=\u00bb1\/4&#8243;][vc_column_text]<\/p>\n<h4><strong><a href=\"https:\/\/www.meliortravel.com\/es\/tour-item\/vuelo-en-globo-en-capadocia\/\">ESTAMBUL \u00a0&#8211; \u00a0CAPADOCIA \u00a0PROGRAMA CORTO<\/a><\/strong><\/h4>\n<p>[\/vc_column_text][vc_column_text]Este tour de corta duraci\u00f3n es una combinaci\u00f3n excelente de dos zonas totalmente distintas de Turqu\u00eda.[\/vc_column_text][\/vc_column][vc_column width=\u00bb1\/4&#8243;][vc_single_image image=\u00bb5212&#8243; img_size=\u00bb300&#215;300&#8243; alignment=\u00bbright\u00bb style=\u00bbvc_box_shadow_3d\u00bb onclick=\u00bbcustom_link\u00bb link=\u00bbhttps:\/\/www.meliortravel.com\/es\/tour-item\/escapadas-de-la-ciudad\/\u00bb][\/vc_column][vc_column width=\u00bb1\/4&#8243;][vc_column_text]<\/p>\n<h4><strong><a href=\"https:\/\/www.meliortravel.com\/es\/tour-item\/escapadas-de-la-ciudad\/\">ESCAPADAS DE LA CIUDAD<\/a><\/strong><\/h4>\n<p>[\/vc_column_text][vc_column_text]Ofrecemos diferentes tipos de escapadas en esta m\u00e1gica ciudad.[\/vc_column_text][\/vc_column][\/vc_row][vc_row el_id=\u00bbCLASICOS DE TURQUIA CON LA ISLA GRIEGA DE CHIOS\u00bb][vc_column width=\u00bb1\/4&#8243;][vc_single_image image=\u00bb5071&#8243; img_size=\u00bb300&#215;300&#8243; alignment=\u00bbright\u00bb style=\u00bbvc_box_shadow_3d\u00bb onclick=\u00bbcustom_link\u00bb link=\u00bbhttps:\/\/www.meliortravel.com\/es\/tour-item\/clasicos-de-turquia\/\u00bb][\/vc_column][vc_column width=\u00bb1\/4&#8243;][vc_column_text]<\/p>\n<h4><strong><a href=\"https:\/\/www.meliortravel.com\/es\/tour-item\/clasicos-de-turquia\/\">CL\u00c1SICOS DE TURQU\u00cdA<\/a><\/strong><\/h4>\n<p>[\/vc_column_text][vc_column_text]Un gran cl\u00e1sico. Un programa que organizamos desde hace a\u00f1os. Una y otra vez intentamos hacerlo mejor.[\/vc_column_text][\/vc_column][vc_column width=\u00bb1\/4&#8243;][vc_single_image image=\u00bb5221&#8243; img_size=\u00bb300&#215;300&#8243; alignment=\u00bbright\u00bb style=\u00bbvc_box_shadow_3d\u00bb onclick=\u00bbcustom_link\u00bb link=\u00bbhttps:\/\/www.meliortravel.com\/es\/tour-item\/clasicos-de-turquia-con-la-isla-griega-de-chios\/\u00bb][\/vc_column][vc_column width=\u00bb1\/4&#8243;][vc_column_text]<\/p>\n<h4><strong><a href=\"https:\/\/www.meliortravel.com\/es\/tour-item\/clasicos-de-turquia-con-la-isla-griega-de-chios\/\">CLASICOS DE TURQUIA CON LA ISLA GRIEGA DE QU\u00cdOS<\/a><\/strong><\/h4>\n<p>[\/vc_column_text][vc_column_text][\/vc_column_text][\/vc_column][\/vc_row][vc_row][vc_column width=\u00bb1\/4&#8243;][vc_single_image image=\u00bb5268&#8243; img_size=\u00bb300&#215;300&#8243; alignment=\u00bbright\u00bb style=\u00bbvc_box_shadow_3d\u00bb onclick=\u00bbcustom_link\u00bb link=\u00bbhttps:\/\/www.meliortravel.com\/es\/tour-item\/de-estambul-a-jerusalen\/\u00bb][\/vc_column][vc_column width=\u00bb1\/4&#8243;][vc_column_text]<\/p>\n<h4><strong><a href=\"https:\/\/www.meliortravel.com\/es\/tour-item\/de-estambul-a-jerusalen\/\">DE ESTAMBUL A JERUSAL\u00c9N<\/a><\/strong><\/h4>\n<p>[\/vc_column_text][vc_column_text]Combinamos las regiones m\u00e1s bellas y memorables de dos magn\u00edficos pa\u00edses, Turqu\u00eda e Israel en 11 d\u00edas.[\/vc_column_text][\/vc_column][vc_column width=\u00bb1\/4&#8243;][vc_single_image image=\u00bb5068&#8243; img_size=\u00bb300&#215;300&#8243; alignment=\u00bbright\u00bb style=\u00bbvc_box_shadow_3d\u00bb onclick=\u00bbcustom_link\u00bb link=\u00bbhttps:\/\/www.meliortravel.com\/es\/tour-item\/joyas-de-turquia-y-chipre\/\u00bb][\/vc_column][vc_column width=\u00bb1\/4&#8243;][vc_column_text]<\/p>\n<h4><strong><a href=\"https:\/\/www.meliortravel.com\/es\/tour-item\/joyas-de-turquia-y-chipre\/\">JOYAS DE TURQUIA Y CHIPRE<\/a><\/strong><\/h4>\n<p>[\/vc_column_text][vc_column_text]Te invitamos a unirte a este tour muy equilibrado. Una asombrosa combinaci\u00f3n de tres magn\u00edficas regiones de Turqu\u00eda y legendario Chipre.[\/vc_column_text][\/vc_column][\/vc_row][vc_row][vc_column width=\u00bb1\/4&#8243;][vc_single_image image=\u00bb5241&#8243; img_size=\u00bb300&#215;300&#8243; alignment=\u00bbright\u00bb style=\u00bbvc_box_shadow_3d\u00bb onclick=\u00bbcustom_link\u00bb link=\u00bbhttps:\/\/www.meliortravel.com\/es\/tour-item\/melior-travel-la-ciudad-tours-de-diarios\/\u00bb][\/vc_column][vc_column width=\u00bb1\/4&#8243;][vc_column_text]<\/p>\n<h4><strong><a href=\"https:\/\/www.meliortravel.com\/es\/tour-item\/melior-travel-la-ciudad-tours-de-diarios\/\">EXCURSIONES DIARIOS<\/a><\/strong><\/h4>\n<p>[\/vc_column_text][vc_column_text]Cultura, historia, arte, ocio, aventura, cualquiera que sea el lema de su viaje, encontrar\u00e1 tantas cosas en Estambul.[\/vc_column_text][\/vc_column][vc_column width=\u00bb1\/4&#8243;][vc_single_image image=\u00bb5214&#8243; img_size=\u00bb300&#215;300&#8243; alignment=\u00bbright\u00bb style=\u00bbvc_box_shadow_3d\u00bb onclick=\u00bbcustom_link\u00bb link=\u00bbhttps:\/\/www.meliortravel.com\/es\/tour-item\/el-misterio-del-sureste-de-turquia\/\u00bb][\/vc_column][vc_column width=\u00bb1\/4&#8243;][vc_column_text]<\/p>\n<h4><strong><a href=\"https:\/\/www.meliortravel.com\/es\/tour-item\/el-misterio-del-sureste-de-turquia\/\">EL MISTERIO DEL SURESTE DE TURQU\u00cdA<\/a><\/strong><\/h4>\n<p>[\/vc_column_text][vc_column_text]Mezcla de una historia singularmente rica en naturaleza y cultura. Programa fresco y relajado que cubre pr\u00e1cticamente todos los sitios importantes del oeste de Turqu\u00eda.[\/vc_column_text][\/vc_column][\/vc_row]<\/p>\n","protected":false},"excerpt":{"rendered":"<p>[vc_row][vc_column][\/vc_column][\/vc_row][vc_row][vc_column width=\u00bb1\/2&#8243;][vc_column_text] En Melior Travel hemos creado diferentes paquetes de los lugares mas atractivos que se deben conocer en Turqu\u00eda. Organizamos diferentes tipos de tours: cl\u00e1sicos, espec\u00edficos, de lujo,descubrimientos culinarios, paseos a pie, cruceros azules y tours en yate en la costa mas larga del [&hellip;]<\/p>\n","protected":false},"author":368,"featured_media":0,"parent":0,"menu_order":0,"comment_status":"closed","ping_status":"closed","template":"","meta":{"footnotes":""},"class_list":["post-5391","page","type-page","status-publish","hentry"],"_links":{"self":[{"href":"https:\/\/www.meliortravel.com\/es\/wp-json\/wp\/v2\/pages\/5391","targetHints":{"allow":["GET"]}}],"collection":[{"href":"https:\/\/www.meliortravel.com\/es\/wp-json\/wp\/v2\/pages"}],"about":[{"href":"https:\/\/www.meliortravel.com\/es\/wp-json\/wp\/v2\/types\/page"}],"author":[{"embeddable":true,"href":"https:\/\/www.meliortravel.com\/es\/wp-json\/wp\/v2\/users\/368"}],"replies":[{"embeddable":true,"href":"https:\/\/www.meliortravel.com\/es\/wp-json\/wp\/v2\/comments?post=5391"}],"version-history":[{"count":23,"href":"https:\/\/www.meliortravel.com\/es\/wp-json\/wp\/v2\/pages\/5391\/revisions"}],"predecessor-version":[{"id":5612,"href":"https:\/\/www.meliortravel.com\/es\/wp-json\/wp\/v2\/pages\/5391\/revisions\/5612"}],"wp:attachment":[{"href":"https:\/\/www.meliortravel.com\/es\/wp-json\/wp\/v2\/media?parent=5391"}],"curies":[{"name":"wp","href":"https:\/\/api.w.org\/{rel}","templated":true}]}}